{"id":2,"date":"2023-05-18T10:47:33","date_gmt":"2023-05-18T10:47:33","guid":{"rendered":"https:\/\/www.octogonotenisypadel.com\/?page_id=2"},"modified":"2025-10-13T14:35:26","modified_gmt":"2025-10-13T14:35:26","slug":"home","status":"publish","type":"page","link":"https:\/\/www.octogonotenisypadel.com\/es\/","title":{"rendered":"Hola!"},"content":{"rendered":"<h2>Sobre Nosotros<\/h2>\n<p>&#8220;El Oct\u00f3gono Tenis y Padel Club fue construido en 1995 y est\u00e1 dirigido por ex-tenis y padel profesionales Ian &#038; Oliver McDougall.<\/p>\n<p>Dispone de seis pistas de tenis (tres de superficie r\u00e1pida, tres de tierra batida), y cinco pistas de p\u00e1del de nueva construcci\u00f3n.<\/p>\n<p>Ofrecemos clases de tenis individuales o en grupo, tienda de deportes, bar y cafeter\u00eda donde se puede disfrutar viendo los partidos mientras se toma una copa.&#8221;<\/p>\n","protected":false},"excerpt":{"rendered":"<p>Sobre Nosotros &#8220;El Oct\u00f3gono Tenis y Padel Club fue construido en 1995 y est\u00e1 dirigido por ex-tenis y padel profesionales Ian &#038; Oliver McDougall. Dispone de seis pistas de tenis (tres de superficie r\u00e1pida, tres de tierra batida), y cinco pistas de p\u00e1del de nueva construcci\u00f3n. Ofrecemos clases de tenis individuales o en grupo, tienda&hellip; <a class=\"more-link\" href=\"https:\/\/www.octogonotenisypadel.com\/es\/\">Continue reading <span class=\"screen-reader-text\">Hola!<\/span><\/a><\/p>\n","protected":false},"author":1,"featured_media":10,"parent":0,"menu_order":0,"comment_status":"closed","ping_status":"open","template":"template-parts\/template-home.php","meta":{"_acf_changed":false,"footnotes":""},"class_list":["post-2","page","type-page","status-publish","has-post-thumbnail","hentry","entry"],"translation":{"provider":"WPGlobus","version":"3.0.0","language":"es","enabled_languages":["en","es"],"languages":{"en":{"title":true,"content":true,"excerpt":false},"es":{"title":true,"content":true,"excerpt":false}}},"acf":[],"_links":{"self":[{"href":"https:\/\/www.octogonotenisypadel.com\/es\/wp-json\/wp\/v2\/pages\/2","targetHints":{"allow":["GET"]}}],"collection":[{"href":"https:\/\/www.octogonotenisypadel.com\/es\/wp-json\/wp\/v2\/pages"}],"about":[{"href":"https:\/\/www.octogonotenisypadel.com\/es\/wp-json\/wp\/v2\/types\/page"}],"author":[{"embeddable":true,"href":"https:\/\/www.octogonotenisypadel.com\/es\/wp-json\/wp\/v2\/users\/1"}],"replies":[{"embeddable":true,"href":"https:\/\/www.octogonotenisypadel.com\/es\/wp-json\/wp\/v2\/comments?post=2"}],"version-history":[{"count":25,"href":"https:\/\/www.octogonotenisypadel.com\/es\/wp-json\/wp\/v2\/pages\/2\/revisions"}],"predecessor-version":[{"id":77,"href":"https:\/\/www.octogonotenisypadel.com\/es\/wp-json\/wp\/v2\/pages\/2\/revisions\/77"}],"wp:featuredmedia":[{"embeddable":true,"href":"https:\/\/www.octogonotenisypadel.com\/es\/wp-json\/wp\/v2\/media\/10"}],"wp:attachment":[{"href":"https:\/\/www.octogonotenisypadel.com\/es\/wp-json\/wp\/v2\/media?parent=2"}],"curies":[{"name":"wp","href":"https:\/\/api.w.org\/{rel}","templated":true}]}}